{"id":3087,"date":"2021-07-22T08:17:04","date_gmt":"2021-07-22T01:17:04","guid":{"rendered":"https:\/\/ppwovenbagvietnam.com\/pp-woven-bag-manufacturer\/"},"modified":"2022-12-01T18:03:13","modified_gmt":"2022-12-01T11:03:13","slug":"quienes-somos","status":"publish","type":"page","link":"https:\/\/ppwovenbagvietnam.com\/es\/quienes-somos\/","title":{"rendered":"Qui\u00e9nes Somos"},"content":{"rendered":"<div id=\"description\" class=\"description\">\n<p style=\"text-align: center;\"><img decoding=\"async\" class=\"aligncenter wp-image-1801 size-medium\" src=\"https:\/\/ppwovenbagvietnam.com\/wp-content\/uploads\/2022\/02\/gt-268x300.jpg\" alt=\"pp woven manufacturer- director\" width=\"268\" height=\"300\" srcset=\"https:\/\/ppwovenbagvietnam.com\/wp-content\/uploads\/2022\/02\/gt-268x300.jpg 268w, https:\/\/ppwovenbagvietnam.com\/wp-content\/uploads\/2022\/02\/gt-600x672.jpg 600w, https:\/\/ppwovenbagvietnam.com\/wp-content\/uploads\/2022\/02\/gt.jpg 673w\" sizes=\"(max-width: 268px) 100vw, 268px\" \/><\/p>\n<p style=\"text-align: center;\"><span style=\"color: #000000;\"><strong>Mr. Vu Anh Long &#8211; Director de Tan Hung Joint Stock Company &#8211; Fabricante de bolsas tejidas de PP de Vietnam<\/strong><\/span><\/p>\n<p style=\"text-align: justify;\"><span style=\"color: #000000;\"><strong>TAN HUNG JSC<\/strong> -es el fabricante l\u00edder de bolsas y telas tejidas de PP en Vietnam. Hemos estado construyendo s\u00f3lidas relaciones comerciales desde 2007.<\/span><\/p>\n<p style=\"text-align: justify;\"><span style=\"color: #000000;\">Calidad Certificada ISO 9001:2015, HACCP, ISO 22000:2018<\/span><\/p>\n<div id='gallery-1' class='gallery galleryid-3087 gallery-columns-3 gallery-size-full'><figure class='gallery-item'>\n\t\t\t<div class='gallery-icon portrait'>\n\t\t\t\t<a href='https:\/\/ppwovenbagvietnam.com\/wp-content\/uploads\/2022\/02\/iso1-1.jpg' title=\"\" data-rl_title=\"\" class=\"rl-gallery-link\" data-rl_caption=\"\" data-rel=\"lightbox-gallery-1\"><img decoding=\"async\" width=\"730\" height=\"1001\" src=\"https:\/\/ppwovenbagvietnam.com\/wp-content\/uploads\/2022\/02\/iso1-1.jpg\" class=\"attachment-full size-full\" alt=\"iso1\" aria-describedby=\"gallery-1-2937\" srcset=\"https:\/\/ppwovenbagvietnam.com\/wp-content\/uploads\/2022\/02\/iso1-1.jpg 730w, https:\/\/ppwovenbagvietnam.com\/wp-content\/uploads\/2022\/02\/iso1-1-219x300.jpg 219w, https:\/\/ppwovenbagvietnam.com\/wp-content\/uploads\/2022\/02\/iso1-1-600x823.jpg 600w\" sizes=\"(max-width: 730px) 100vw, 730px\" \/><\/a>\n\t\t\t<\/div>\n\t\t\t\t<figcaption class='wp-caption-text gallery-caption' id='gallery-1-2937'>\n\t\t\t\tHACCP &#8211; pp woven bag\n\t\t\t\t<\/figcaption><\/figure><figure class='gallery-item'>\n\t\t\t<div class='gallery-icon portrait'>\n\t\t\t\t<a href='https:\/\/ppwovenbagvietnam.com\/wp-content\/uploads\/2022\/02\/iso2-1.jpg' title=\"\" data-rl_title=\"\" class=\"rl-gallery-link\" data-rl_caption=\"\" data-rel=\"lightbox-gallery-1\"><img decoding=\"async\" width=\"730\" height=\"1000\" src=\"https:\/\/ppwovenbagvietnam.com\/wp-content\/uploads\/2022\/02\/iso2-1.jpg\" class=\"attachment-full size-full\" alt=\"iso2\" aria-describedby=\"gallery-1-2938\" srcset=\"https:\/\/ppwovenbagvietnam.com\/wp-content\/uploads\/2022\/02\/iso2-1.jpg 730w, https:\/\/ppwovenbagvietnam.com\/wp-content\/uploads\/2022\/02\/iso2-1-219x300.jpg 219w, https:\/\/ppwovenbagvietnam.com\/wp-content\/uploads\/2022\/02\/iso2-1-600x822.jpg 600w\" sizes=\"(max-width: 730px) 100vw, 730px\" \/><\/a>\n\t\t\t<\/div>\n\t\t\t\t<figcaption class='wp-caption-text gallery-caption' id='gallery-1-2938'>\n\t\t\t\tISO 9001 &#8211; pp woven bag\n\t\t\t\t<\/figcaption><\/figure><figure class='gallery-item'>\n\t\t\t<div class='gallery-icon portrait'>\n\t\t\t\t<a href='https:\/\/ppwovenbagvietnam.com\/wp-content\/uploads\/2022\/02\/iso3-1.jpg' title=\"\" data-rl_title=\"\" class=\"rl-gallery-link\" data-rl_caption=\"\" data-rel=\"lightbox-gallery-1\"><img decoding=\"async\" width=\"730\" height=\"1000\" src=\"https:\/\/ppwovenbagvietnam.com\/wp-content\/uploads\/2022\/02\/iso3-1.jpg\" class=\"attachment-full size-full\" alt=\"iso3\" aria-describedby=\"gallery-1-2939\" srcset=\"https:\/\/ppwovenbagvietnam.com\/wp-content\/uploads\/2022\/02\/iso3-1.jpg 730w, https:\/\/ppwovenbagvietnam.com\/wp-content\/uploads\/2022\/02\/iso3-1-219x300.jpg 219w, https:\/\/ppwovenbagvietnam.com\/wp-content\/uploads\/2022\/02\/iso3-1-600x822.jpg 600w\" sizes=\"(max-width: 730px) 100vw, 730px\" \/><\/a>\n\t\t\t<\/div>\n\t\t\t\t<figcaption class='wp-caption-text gallery-caption' id='gallery-1-2939'>\n\t\t\t\tISO 22000 &#8211; pp woven bag\n\t\t\t\t<\/figcaption><\/figure>\n\t\t<\/div>\n\n<p style=\"text-align: justify;\"><span style=\"color: #000000;\">Nuestras bolsas son adecuadas para todo tipo de requisitos de embalaje. Para aclarar, nuestro objetivo es proporcionar a nuestros clientes soluciones de embalaje completas de acuerdo con sus requisitos y especificaciones.<\/span><\/p>\n<p style=\"text-align: justify;\"><span style=\"color: #000000;\"><strong><br \/>\nNuestras selecciones de PP &#8211; Productos tejidos de polipropileno se encuentran a continuaci\u00f3n::<\/strong><\/span><\/p>\n<ul style=\"text-align: justify;\">\n<li>\n<h3><span style=\"color: #000000;\">Saco tejido PP<\/span><\/h3>\n<\/li>\n<li>\n<h3><span style=\"color: #000000;\">Tela tejida de polipropileno<\/span><\/h3>\n<\/li>\n<\/ul>\n<h2 style=\"text-align: justify;\"><span style=\"color: #000000;\"><strong>Industrias a las que servimos<\/strong><\/span><\/h2>\n<p style=\"text-align: justify;\"><span style=\"color: #000000;\">Brindamos soluciones de empaque innovadoras para diferentes industrias mediante la fabricaci\u00f3n de sacos tejidos de PP, bolsas de HDPE\/PE a la medida.<\/span><\/p>\n<p style=\"text-align: justify;\"><span style=\"color: #000000;\"><strong>Las principales industrias en las que nuestros productos encuentran amplias aplicaciones son las siguientes:<\/strong><\/span><\/p>\n<ul style=\"text-align: justify;\">\n<li><span style=\"color: #000000;\">Granos alimenticios, arroz, industria de la harina<\/span><\/li>\n<li><span style=\"color: #000000;\">Industria de alimentaci\u00f3n animal<\/span><\/li>\n<li><span style=\"color: #000000;\">Industria azucarera<\/span><\/li>\n<li><span style=\"color: #000000;\">Industria de la sal<\/span><\/li>\n<li><span style=\"color: #000000;\">Industria de la arena<\/span><\/li>\n<li><span style=\"color: #000000;\">Industria de fertilizantes<\/span><\/li>\n<li><span style=\"color: #000000;\">Industria qu\u00edmica<\/span><\/li>\n<\/ul>\n<h2 style=\"text-align: justify;\"><span style=\"color: #000000;\"><strong>Nuestras ventajas<\/strong><\/span><\/h2>\n<p style=\"text-align: justify;\"><span style=\"color: #000000;\">Dise\u00f1amos y desarrollamos una gama innovadora de productos de embalaje como sacos tejidos de PP, bolsas y telas de HDPE\/PE para diversas industrias. Sobre todo, nuestra pasi\u00f3n por lograr la excelencia en todas las esferas del negocio ha impulsado constantemente nuestro crecimiento en el competitivo mercado internacional.<\/span><\/p>\n<p style=\"text-align: justify;\"><span style=\"color: #000000;\"><strong>Nuestra competencia central radica en los siguientes factores:<\/strong><\/span><\/p>\n<ul style=\"text-align: justify;\">\n<li><span style=\"color: #000000;\">Precio competitivo<\/span><\/li>\n<li><span style=\"color: #000000;\">Ambiente de trabajo profesional<\/span><\/li>\n<li><span style=\"color: #000000;\">Control de calidad estricto<\/span><\/li>\n<li><span style=\"color: #000000;\">Personalizaci\u00f3n del producto seg\u00fan los requisitos del cliente<\/span><\/li>\n<li><span style=\"color: #000000;\">Unidades de Fabricaci\u00f3n Avanzada<\/span><\/li>\n<li><span style=\"color: #000000;\">Mano de obra calificada<\/span><\/li>\n<li><span style=\"color: #000000;\">\u00daltimas m\u00e1quinas autom\u00e1ticas y semiautom\u00e1ticas<\/span><\/li>\n<li><span style=\"color: #000000;\">Laboratorio de pruebas bien equipado<\/span><\/li>\n<li><span style=\"color: #000000;\">Equipo de ingenieros de pol\u00edmeros experimentados<\/span><\/li>\n<li><span style=\"color: #000000;\">Capacidad para cumplir con los requisitos a granel en el menor tiempo de entrega<\/span><\/li>\n<li><span style=\"color: #000000;\">En entrega oportuna<\/span><\/li>\n<\/ul>\n<h2><strong>CONTACT US<\/strong><\/h2>\n<p style=\"text-align: justify;\"><span style=\"color: #000000;\">Homepage: <a style=\"color: #000000;\" href=\"https:\/\/ppwovenbagvietnam.com\/es\/\">https:\/\/ppwovenbagvietnam.com\/<\/a><\/span><\/p>\n<p style=\"text-align: justify;\"><span style=\"color: #000000;\">&#8211; Email to: <strong><a style=\"color: #000000;\" href=\"mailto:ppwovenbag.invietnam@gmail.com\">ppwovenbag.invietnam@gmail.com<\/a>, <a style=\"color: #000000;\" href=\"mailto:sales@ppwovenbagvietnam.com\">sales@ppwovenbagvietnam.com<\/a><\/strong><\/span><\/p>\n<p style=\"text-align: justify;\"><span style=\"color: #000000;\">&#8211; Phone\/ WhatsApp to:<strong> +84 968 537 231 (Mr. Ken)<\/strong><\/span><\/p>\n<p style=\"text-align: justify;\"><span style=\"color: #000000;\">&#8211; Direcci\u00f3n: TAN HUNG JOIN STOCK COMPANY<\/span><\/p>\n<p style=\"text-align: justify;\"><span style=\"color: #000000;\">Ha Binh Phuong Industrial Zone, Hanoi city, Vietnam<\/span><span style=\"color: #000000;\">El Sr. Khanh Dang (Ken) espera ayudarlo las 24 horas del d\u00eda, los 7 d\u00edas de la semana para obtener m\u00e1s informaci\u00f3n, apoyo, recomendaciones y sugerencias de soluciones.<\/span><\/p>\n<p><a href=\"https:\/\/youtu.be\/UGXKaH9k75M\" data-rel=\"lightbox-video-0\"><strong>Video Youtube manufacturing in Tan Hung JSC<\/strong><\/a><\/p>\n<\/div>\n","protected":false},"excerpt":{"rendered":"<p>Mr. Vu Anh Long &#8211; Director de Tan Hung Joint Stock Company &#8211; Fabricante de bolsas tejidas de PP de Vietnam TAN HUNG JSC -es el fabricante l\u00edder de bolsas y telas tejidas de PP en Vietnam. Hemos estado construyendo s\u00f3lidas relaciones comerciales desde 2007. Calidad Certificada ISO 9001:2015, HACCP, ISO 22000:2018 Nuestras bolsas son [&#8230;]\n","protected":false},"author":1,"featured_media":0,"parent":0,"menu_order":0,"comment_status":"closed","ping_status":"closed","template":"","meta":{"footnotes":""},"class_list":["post-3087","page","type-page","status-publish","hentry"],"yoast_head":"<!-- This site is optimized with the Yoast SEO Premium plugin v22.3 (Yoast SEO v25.7) - https:\/\/yoast.com\/wordpress\/plugins\/seo\/ -->\n<title>Qui\u00e9nes Somos - Tan Hung - Fabricante de bolsas tejidas de PP de Vietnam<\/title>\n<meta name=\"description\" content=\"Tan Hung JSC: el mejor fabricante de bolsas tejidas pp, bolsas tejidas de polipropileno, sacos tejidos pp, tela tejida pp. ISO 22000, ISO 9001, HACCP\" \/>\n<meta name=\"robots\" content=\"index, follow, max-snippet:-1, max-image-preview:large, max-video-preview:-1\" \/>\n<link rel=\"canonical\" href=\"https:\/\/ppwovenbagvietnam.com\/es\/quienes-somos\/\" \/>\n<meta property=\"og:locale\" content=\"es_ES\" \/>\n<meta property=\"og:type\" content=\"article\" \/>\n<meta property=\"og:title\" content=\"Qui\u00e9nes Somos\" \/>\n<meta property=\"og:description\" content=\"Tan Hung JSC: el mejor fabricante de bolsas tejidas pp, bolsas tejidas de polipropileno, sacos tejidos pp, tela tejida pp. ISO 22000, ISO 9001, HACCP\" \/>\n<meta property=\"og:url\" content=\"https:\/\/ppwovenbagvietnam.com\/es\/quienes-somos\/\" \/>\n<meta property=\"og:site_name\" content=\"Manufacturer of PP Woven Bag, PP Woven Sack\" \/>\n<meta property=\"article:publisher\" content=\"https:\/\/www.facebook.com\/ppwovenbag\" \/>\n<meta property=\"article:modified_time\" content=\"2022-12-01T11:03:13+00:00\" \/>\n<meta property=\"og:image\" content=\"https:\/\/ppwovenbagvietnam.com\/wp-content\/uploads\/2022\/02\/iso1-1.jpg\" \/>\n<meta name=\"twitter:card\" content=\"summary_large_image\" \/>\n<meta name=\"twitter:label1\" content=\"Tiempo de lectura\" \/>\n\t<meta name=\"twitter:data1\" content=\"2 minutos\" \/>\n<script type=\"application\/ld+json\" class=\"yoast-schema-graph\">{\"@context\":\"https:\/\/schema.org\",\"@graph\":[{\"@type\":[\"Article\",\"BlogPosting\"],\"@id\":\"https:\/\/ppwovenbagvietnam.com\/es\/quienes-somos\/#article\",\"isPartOf\":{\"@id\":\"https:\/\/ppwovenbagvietnam.com\/es\/quienes-somos\/\"},\"author\":{\"name\":\"system\",\"@id\":\"https:\/\/ppwovenbagvietnam.com\/#\/schema\/person\/67627fed44671035e4fd1fd485b9b5b6\"},\"headline\":\"Qui\u00e9nes Somos\",\"datePublished\":\"2021-07-22T01:17:04+00:00\",\"dateModified\":\"2022-12-01T11:03:13+00:00\",\"mainEntityOfPage\":{\"@id\":\"https:\/\/ppwovenbagvietnam.com\/es\/quienes-somos\/\"},\"wordCount\":384,\"publisher\":{\"@id\":\"https:\/\/ppwovenbagvietnam.com\/#organization\"},\"image\":{\"@id\":\"https:\/\/ppwovenbagvietnam.com\/es\/quienes-somos\/#primaryimage\"},\"thumbnailUrl\":\"https:\/\/ppwovenbagvietnam.com\/wp-content\/uploads\/2022\/02\/gt-268x300.jpg\",\"inLanguage\":\"es\"},{\"@type\":\"WebPage\",\"@id\":\"https:\/\/ppwovenbagvietnam.com\/es\/quienes-somos\/\",\"url\":\"https:\/\/ppwovenbagvietnam.com\/es\/quienes-somos\/\",\"name\":\"Qui\u00e9nes Somos - Tan Hung - Fabricante de bolsas tejidas de PP de Vietnam\",\"isPartOf\":{\"@id\":\"https:\/\/ppwovenbagvietnam.com\/#website\"},\"primaryImageOfPage\":{\"@id\":\"https:\/\/ppwovenbagvietnam.com\/es\/quienes-somos\/#primaryimage\"},\"image\":{\"@id\":\"https:\/\/ppwovenbagvietnam.com\/es\/quienes-somos\/#primaryimage\"},\"thumbnailUrl\":\"https:\/\/ppwovenbagvietnam.com\/wp-content\/uploads\/2022\/02\/gt-268x300.jpg\",\"datePublished\":\"2021-07-22T01:17:04+00:00\",\"dateModified\":\"2022-12-01T11:03:13+00:00\",\"description\":\"Tan Hung JSC: el mejor fabricante de bolsas tejidas pp, bolsas tejidas de polipropileno, sacos tejidos pp, tela tejida pp. ISO 22000, ISO 9001, HACCP\",\"breadcrumb\":{\"@id\":\"https:\/\/ppwovenbagvietnam.com\/es\/quienes-somos\/#breadcrumb\"},\"inLanguage\":\"es\",\"potentialAction\":[{\"@type\":\"ReadAction\",\"target\":[\"https:\/\/ppwovenbagvietnam.com\/es\/quienes-somos\/\"]}]},{\"@type\":\"ImageObject\",\"inLanguage\":\"es\",\"@id\":\"https:\/\/ppwovenbagvietnam.com\/es\/quienes-somos\/#primaryimage\",\"url\":\"https:\/\/ppwovenbagvietnam.com\/wp-content\/uploads\/2022\/02\/gt-268x300.jpg\",\"contentUrl\":\"https:\/\/ppwovenbagvietnam.com\/wp-content\/uploads\/2022\/02\/gt-268x300.jpg\"},{\"@type\":\"BreadcrumbList\",\"@id\":\"https:\/\/ppwovenbagvietnam.com\/es\/quienes-somos\/#breadcrumb\",\"itemListElement\":[{\"@type\":\"ListItem\",\"position\":1,\"name\":\"PP Woven Bag\",\"item\":\"https:\/\/ppwovenbagvietnam.com\/es\/\"},{\"@type\":\"ListItem\",\"position\":2,\"name\":\"Qui\u00e9nes Somos\"}]},{\"@type\":\"WebSite\",\"@id\":\"https:\/\/ppwovenbagvietnam.com\/#website\",\"url\":\"https:\/\/ppwovenbagvietnam.com\/\",\"name\":\"Manufacturer of PP Woven Bag, PP Woven Sack\",\"description\":\"Manufacturer of PP Woven Bag, PP Woven Sack, Polypropylene Woven Bag, PP Woven Fabric. ISO 22000, ISO 9001, HACCP.\",\"publisher\":{\"@id\":\"https:\/\/ppwovenbagvietnam.com\/#organization\"},\"potentialAction\":[{\"@type\":\"SearchAction\",\"target\":{\"@type\":\"EntryPoint\",\"urlTemplate\":\"https:\/\/ppwovenbagvietnam.com\/?s={search_term_string}\"},\"query-input\":{\"@type\":\"PropertyValueSpecification\",\"valueRequired\":true,\"valueName\":\"search_term_string\"}}],\"inLanguage\":\"es\"},{\"@type\":\"Organization\",\"@id\":\"https:\/\/ppwovenbagvietnam.com\/#organization\",\"name\":\"Tan Hung JSC - Vietnam PP Woven Bag Manufacturer\",\"alternateName\":\"Tan Hung JSC - Vietnam PP woven bag manufacturer\",\"url\":\"https:\/\/ppwovenbagvietnam.com\/\",\"logo\":{\"@type\":\"ImageObject\",\"inLanguage\":\"es\",\"@id\":\"https:\/\/ppwovenbagvietnam.com\/#\/schema\/logo\/image\/\",\"url\":\"https:\/\/ppwovenbagvietnam.com\/wp-content\/uploads\/2022\/02\/logo3.png\",\"contentUrl\":\"https:\/\/ppwovenbagvietnam.com\/wp-content\/uploads\/2022\/02\/logo3.png\",\"width\":191,\"height\":85,\"caption\":\"Tan Hung JSC - Vietnam PP Woven Bag Manufacturer\"},\"image\":{\"@id\":\"https:\/\/ppwovenbagvietnam.com\/#\/schema\/logo\/image\/\"},\"sameAs\":[\"https:\/\/www.facebook.com\/ppwovenbag\",\"https:\/\/www.linkedin.com\/company\/vietnam-pp-woven-bag\"],\"description\":\"Tan Hung JSC is a leading Vietnam manufacturer of PP woven bags, sacks, and fabrics, established in 2007. With modern facilities and strict quality systems (ISO 9001:2015, ISO 22000:2018, HACCP), the company produces up to 20 million bags and 1,000 tons of fabric monthly. Tan Hung supplies durable, customizable packaging for industries such as agriculture, food, fertilizer, chemicals, and animal feed. Products include laminated, gusseted, and printed bags with or without liners. Exporting worldwide to Europe, Asia, Australia, and the Americas, Tan Hung is recognized for competitive pricing, reliable quality, and professional service in the global packaging market.\",\"email\":\"sales@ppwovenbagvietnam.com\",\"telephone\":\"+84968537231\",\"legalName\":\"Tan Hung JSC - Vietnam PP woven bag manufacturer\",\"foundingDate\":\"2007-10-18\",\"vatID\":\"0500570858\",\"taxID\":\"0500570858\",\"numberOfEmployees\":{\"@type\":\"QuantitativeValue\",\"minValue\":\"201\",\"maxValue\":\"500\"}},{\"@type\":\"Person\",\"@id\":\"https:\/\/ppwovenbagvietnam.com\/#\/schema\/person\/67627fed44671035e4fd1fd485b9b5b6\",\"name\":\"system\",\"image\":{\"@type\":\"ImageObject\",\"inLanguage\":\"es\",\"@id\":\"https:\/\/ppwovenbagvietnam.com\/#\/schema\/person\/image\/\",\"url\":\"https:\/\/secure.gravatar.com\/avatar\/e43ee39eaf615fd63074cb3e681d3ea4cec588b0087ba3ddab9016b1777cda77?s=96&d=mm&r=g\",\"contentUrl\":\"https:\/\/secure.gravatar.com\/avatar\/e43ee39eaf615fd63074cb3e681d3ea4cec588b0087ba3ddab9016b1777cda77?s=96&d=mm&r=g\",\"caption\":\"system\"},\"sameAs\":[\"https:\/\/3813.namdev.xyz\"],\"url\":\"https:\/\/ppwovenbagvietnam.com\/es\/author\/system\/\"}]}<\/script>\n<!-- \/ Yoast SEO Premium plugin. -->","yoast_head_json":{"title":"Qui\u00e9nes Somos - Tan Hung - Fabricante de bolsas tejidas de PP de Vietnam","description":"Tan Hung JSC: el mejor fabricante de bolsas tejidas pp, bolsas tejidas de polipropileno, sacos tejidos pp, tela tejida pp. ISO 22000, ISO 9001, HACCP","robots":{"index":"index","follow":"follow","max-snippet":"max-snippet:-1","max-image-preview":"max-image-preview:large","max-video-preview":"max-video-preview:-1"},"canonical":"https:\/\/ppwovenbagvietnam.com\/es\/quienes-somos\/","og_locale":"es_ES","og_type":"article","og_title":"Qui\u00e9nes Somos","og_description":"Tan Hung JSC: el mejor fabricante de bolsas tejidas pp, bolsas tejidas de polipropileno, sacos tejidos pp, tela tejida pp. ISO 22000, ISO 9001, HACCP","og_url":"https:\/\/ppwovenbagvietnam.com\/es\/quienes-somos\/","og_site_name":"Manufacturer of PP Woven Bag, PP Woven Sack","article_publisher":"https:\/\/www.facebook.com\/ppwovenbag","article_modified_time":"2022-12-01T11:03:13+00:00","og_image":[{"url":"https:\/\/ppwovenbagvietnam.com\/wp-content\/uploads\/2022\/02\/iso1-1.jpg","type":"","width":"","height":""}],"twitter_card":"summary_large_image","twitter_misc":{"Tiempo de lectura":"2 minutos"},"schema":{"@context":"https:\/\/schema.org","@graph":[{"@type":["Article","BlogPosting"],"@id":"https:\/\/ppwovenbagvietnam.com\/es\/quienes-somos\/#article","isPartOf":{"@id":"https:\/\/ppwovenbagvietnam.com\/es\/quienes-somos\/"},"author":{"name":"system","@id":"https:\/\/ppwovenbagvietnam.com\/#\/schema\/person\/67627fed44671035e4fd1fd485b9b5b6"},"headline":"Qui\u00e9nes Somos","datePublished":"2021-07-22T01:17:04+00:00","dateModified":"2022-12-01T11:03:13+00:00","mainEntityOfPage":{"@id":"https:\/\/ppwovenbagvietnam.com\/es\/quienes-somos\/"},"wordCount":384,"publisher":{"@id":"https:\/\/ppwovenbagvietnam.com\/#organization"},"image":{"@id":"https:\/\/ppwovenbagvietnam.com\/es\/quienes-somos\/#primaryimage"},"thumbnailUrl":"https:\/\/ppwovenbagvietnam.com\/wp-content\/uploads\/2022\/02\/gt-268x300.jpg","inLanguage":"es"},{"@type":"WebPage","@id":"https:\/\/ppwovenbagvietnam.com\/es\/quienes-somos\/","url":"https:\/\/ppwovenbagvietnam.com\/es\/quienes-somos\/","name":"Qui\u00e9nes Somos - Tan Hung - Fabricante de bolsas tejidas de PP de Vietnam","isPartOf":{"@id":"https:\/\/ppwovenbagvietnam.com\/#website"},"primaryImageOfPage":{"@id":"https:\/\/ppwovenbagvietnam.com\/es\/quienes-somos\/#primaryimage"},"image":{"@id":"https:\/\/ppwovenbagvietnam.com\/es\/quienes-somos\/#primaryimage"},"thumbnailUrl":"https:\/\/ppwovenbagvietnam.com\/wp-content\/uploads\/2022\/02\/gt-268x300.jpg","datePublished":"2021-07-22T01:17:04+00:00","dateModified":"2022-12-01T11:03:13+00:00","description":"Tan Hung JSC: el mejor fabricante de bolsas tejidas pp, bolsas tejidas de polipropileno, sacos tejidos pp, tela tejida pp. ISO 22000, ISO 9001, HACCP","breadcrumb":{"@id":"https:\/\/ppwovenbagvietnam.com\/es\/quienes-somos\/#breadcrumb"},"inLanguage":"es","potentialAction":[{"@type":"ReadAction","target":["https:\/\/ppwovenbagvietnam.com\/es\/quienes-somos\/"]}]},{"@type":"ImageObject","inLanguage":"es","@id":"https:\/\/ppwovenbagvietnam.com\/es\/quienes-somos\/#primaryimage","url":"https:\/\/ppwovenbagvietnam.com\/wp-content\/uploads\/2022\/02\/gt-268x300.jpg","contentUrl":"https:\/\/ppwovenbagvietnam.com\/wp-content\/uploads\/2022\/02\/gt-268x300.jpg"},{"@type":"BreadcrumbList","@id":"https:\/\/ppwovenbagvietnam.com\/es\/quienes-somos\/#breadcrumb","itemListElement":[{"@type":"ListItem","position":1,"name":"PP Woven Bag","item":"https:\/\/ppwovenbagvietnam.com\/es\/"},{"@type":"ListItem","position":2,"name":"Qui\u00e9nes Somos"}]},{"@type":"WebSite","@id":"https:\/\/ppwovenbagvietnam.com\/#website","url":"https:\/\/ppwovenbagvietnam.com\/","name":"Manufacturer of PP Woven Bag, PP Woven Sack","description":"Manufacturer of PP Woven Bag, PP Woven Sack, Polypropylene Woven Bag, PP Woven Fabric. ISO 22000, ISO 9001, HACCP.","publisher":{"@id":"https:\/\/ppwovenbagvietnam.com\/#organization"},"potentialAction":[{"@type":"SearchAction","target":{"@type":"EntryPoint","urlTemplate":"https:\/\/ppwovenbagvietnam.com\/?s={search_term_string}"},"query-input":{"@type":"PropertyValueSpecification","valueRequired":true,"valueName":"search_term_string"}}],"inLanguage":"es"},{"@type":"Organization","@id":"https:\/\/ppwovenbagvietnam.com\/#organization","name":"Tan Hung JSC - Vietnam PP Woven Bag Manufacturer","alternateName":"Tan Hung JSC - Vietnam PP woven bag manufacturer","url":"https:\/\/ppwovenbagvietnam.com\/","logo":{"@type":"ImageObject","inLanguage":"es","@id":"https:\/\/ppwovenbagvietnam.com\/#\/schema\/logo\/image\/","url":"https:\/\/ppwovenbagvietnam.com\/wp-content\/uploads\/2022\/02\/logo3.png","contentUrl":"https:\/\/ppwovenbagvietnam.com\/wp-content\/uploads\/2022\/02\/logo3.png","width":191,"height":85,"caption":"Tan Hung JSC - Vietnam PP Woven Bag Manufacturer"},"image":{"@id":"https:\/\/ppwovenbagvietnam.com\/#\/schema\/logo\/image\/"},"sameAs":["https:\/\/www.facebook.com\/ppwovenbag","https:\/\/www.linkedin.com\/company\/vietnam-pp-woven-bag"],"description":"Tan Hung JSC is a leading Vietnam manufacturer of PP woven bags, sacks, and fabrics, established in 2007. With modern facilities and strict quality systems (ISO 9001:2015, ISO 22000:2018, HACCP), the company produces up to 20 million bags and 1,000 tons of fabric monthly. Tan Hung supplies durable, customizable packaging for industries such as agriculture, food, fertilizer, chemicals, and animal feed. Products include laminated, gusseted, and printed bags with or without liners. Exporting worldwide to Europe, Asia, Australia, and the Americas, Tan Hung is recognized for competitive pricing, reliable quality, and professional service in the global packaging market.","email":"sales@ppwovenbagvietnam.com","telephone":"+84968537231","legalName":"Tan Hung JSC - Vietnam PP woven bag manufacturer","foundingDate":"2007-10-18","vatID":"0500570858","taxID":"0500570858","numberOfEmployees":{"@type":"QuantitativeValue","minValue":"201","maxValue":"500"}},{"@type":"Person","@id":"https:\/\/ppwovenbagvietnam.com\/#\/schema\/person\/67627fed44671035e4fd1fd485b9b5b6","name":"system","image":{"@type":"ImageObject","inLanguage":"es","@id":"https:\/\/ppwovenbagvietnam.com\/#\/schema\/person\/image\/","url":"https:\/\/secure.gravatar.com\/avatar\/e43ee39eaf615fd63074cb3e681d3ea4cec588b0087ba3ddab9016b1777cda77?s=96&d=mm&r=g","contentUrl":"https:\/\/secure.gravatar.com\/avatar\/e43ee39eaf615fd63074cb3e681d3ea4cec588b0087ba3ddab9016b1777cda77?s=96&d=mm&r=g","caption":"system"},"sameAs":["https:\/\/3813.namdev.xyz"],"url":"https:\/\/ppwovenbagvietnam.com\/es\/author\/system\/"}]}},"_links":{"self":[{"href":"https:\/\/ppwovenbagvietnam.com\/es\/wp-json\/wp\/v2\/pages\/3087","targetHints":{"allow":["GET"]}}],"collection":[{"href":"https:\/\/ppwovenbagvietnam.com\/es\/wp-json\/wp\/v2\/pages"}],"about":[{"href":"https:\/\/ppwovenbagvietnam.com\/es\/wp-json\/wp\/v2\/types\/page"}],"author":[{"embeddable":true,"href":"https:\/\/ppwovenbagvietnam.com\/es\/wp-json\/wp\/v2\/users\/1"}],"replies":[{"embeddable":true,"href":"https:\/\/ppwovenbagvietnam.com\/es\/wp-json\/wp\/v2\/comments?post=3087"}],"version-history":[{"count":3,"href":"https:\/\/ppwovenbagvietnam.com\/es\/wp-json\/wp\/v2\/pages\/3087\/revisions"}],"predecessor-version":[{"id":3235,"href":"https:\/\/ppwovenbagvietnam.com\/es\/wp-json\/wp\/v2\/pages\/3087\/revisions\/3235"}],"wp:attachment":[{"href":"https:\/\/ppwovenbagvietnam.com\/es\/wp-json\/wp\/v2\/media?parent=3087"}],"curies":[{"name":"wp","href":"https:\/\/api.w.org\/{rel}","templated":true}]}}